{"id":20,"date":"2014-07-19T10:38:08","date_gmt":"2014-07-19T07:38:08","guid":{"rendered":"https:\/\/gokhan-gokalp.com\/?page_id=20"},"modified":"2025-06-07T13:45:50","modified_gmt":"2025-06-07T11:45:50","slug":"about","status":"publish","type":"page","link":"https:\/\/gokhan-gokalp.com\/tr\/about\/","title":{"rendered":"Hakk\u0131mda"},"content":{"rendered":"<h3><strong>Who am I?<\/strong><\/h3>\n<p>Hi, I&#8217;m G\u00f6khan.<\/p>\n<p>I have been living in Amsterdam since 2019.<\/p>\n<p><a href=\"\/wp-content\/uploads\/2020\/03\/amsterdam.jpg\"><img decoding=\"async\" class=\"size-full wp-image-3351 aligncenter lazyload\" data-src=\"\/wp-content\/uploads\/2020\/03\/amsterdam.jpg\" alt=\"\" width=\"760\" height=\"427\" data-srcset=\"https:\/\/gokhan-gokalp.com\/wp-content\/uploads\/2020\/03\/amsterdam.jpg 760w, https:\/\/gokhan-gokalp.com\/wp-content\/uploads\/2020\/03\/amsterdam-300x169.jpg 300w\" data-sizes=\"(max-width: 760px) 100vw, 760px\" src=\"data:image\/svg+xml;base64,PHN2ZyB3aWR0aD0iMSIgaGVpZ2h0PSIxIiB4bWxucz0iaHR0cDovL3d3dy53My5vcmcvMjAwMC9zdmciPjwvc3ZnPg==\" style=\"--smush-placeholder-width: 760px; --smush-placeholder-aspect-ratio: 760\/427;\" \/><\/a><\/p>\n<p>I\u2019m a passionate engineer and architect with over 16 years of experience in technology-driven companies. I currently work as a <strong>Staff Engineer<\/strong> at <strong>EY<\/strong>, operating through my freelance company, <strong>GKG Software Consultancy<\/strong>.<\/p>\n<p><img decoding=\"async\" class=\"wp-image-998 alignright lazyload\" data-src=\"\/wp-content\/uploads\/2014\/07\/gokhan-gokalp.jpg\" alt=\"\" width=\"223\" height=\"223\" data-srcset=\"https:\/\/gokhan-gokalp.com\/wp-content\/uploads\/2014\/07\/gokhan-gokalp.jpg 400w, https:\/\/gokhan-gokalp.com\/wp-content\/uploads\/2014\/07\/gokhan-gokalp-150x150.jpg 150w, https:\/\/gokhan-gokalp.com\/wp-content\/uploads\/2014\/07\/gokhan-gokalp-300x300.jpg 300w, https:\/\/gokhan-gokalp.com\/wp-content\/uploads\/2014\/07\/gokhan-gokalp-100x100.jpg 100w\" data-sizes=\"(max-width: 223px) 100vw, 223px\" src=\"data:image\/svg+xml;base64,PHN2ZyB3aWR0aD0iMSIgaGVpZ2h0PSIxIiB4bWxucz0iaHR0cDovL3d3dy53My5vcmcvMjAwMC9zdmciPjwvc3ZnPg==\" style=\"--smush-placeholder-width: 223px; --smush-placeholder-aspect-ratio: 223\/223;\" \/>Over the years, I\u2019ve helped organizations modernize their systems, embrace the cloud, and build reliable, future-proof software platforms. My focus is on cloud architecture (especially on Microsoft Azure), .NET technologies, and enhancing the developer experience through strong engineering practices and platform thinking. I\u2019m especially passionate about designing cloud-native microservices, building event-driven systems, and architecting secure, scalable cloud infrastructures.<\/p>\n<p>I proudly held the title of <strong>Microsoft MVP<\/strong> for Microsoft development technologies consecutively from 2019 to 2022.<\/p>\n<p>My extensive expertise spans various domains, including E-Commerce (Search, Checkout, Marketplace, Order Management System, Product Information Management), Hotel Booking (B2C &amp; B2B, Supplier integration), Job Board, and OCR.<\/p>\n<p><strong>Specialities<\/strong>: Azure, C#, .NET, Cloud-Native Applications, DevOps, GitOps, CI\/CD, Kubernetes, Containers, Container Security, Angular, Service Oriented Architecture, Messaging Architecture, Microservices, TDD, Message Brokers, Framework Design, Design Patterns, RESTful Design, Distributed Caching, Search Engines, Refactoring, Code Review, Reverse Engineering (Diagnosing memory &amp; performance issues), APM Tools<\/p>\n<p><strong>Mail<\/strong>: gok.gokalp [@] yahoo.com<\/p>\n<p><strong>LinkedIn<\/strong>: <a href=\"https:\/\/www.linkedin.com\/in\/gokgokalp\/\">https:\/\/www.linkedin.com\/in\/gokgokalp\/<\/a><\/p>\n<p><strong>GKG Software Consultancy<\/strong><br \/>\nKvK: 97243167 | BTW-ID: NL005260016B03<br \/>\nBased in Hoofddorp, Netherlands<\/p>\n","protected":false},"excerpt":{"rendered":"<p>Who am I? Hi, I&#8217;m G\u00f6khan. I have been living in Amsterdam since 2019. I\u2019m a passionate engineer and architect with over 16 years of experience in technology-driven companies. I currently work as a Staff Engineer at EY, operating through my freelance company, GKG Software&#8230;<\/p>\n<div class=\"more-link-wrapper\"><a class=\"more-link\" href=\"https:\/\/gokhan-gokalp.com\/tr\/about\/\">Devam\u0131n\u0131 okuyun<span class=\"screen-reader-text\">Hakk\u0131mda<\/span><\/a><\/div>\n","protected":false},"author":1,"featured_media":0,"parent":0,"menu_order":0,"comment_status":"closed","ping_status":"closed","template":"","meta":{"footnotes":""},"class_list":["post-20","page","type-page","status-publish","hentry","entry"],"translation":{"provider":"WPGlobus","version":"3.0.2","language":"tr","enabled_languages":["en","tr"],"languages":{"en":{"title":true,"content":true,"excerpt":false},"tr":{"title":true,"content":true,"excerpt":false}}},"yoast_head":"<!-- This site is optimized with the Yoast SEO plugin v27.3 - https:\/\/yoast.com\/product\/yoast-seo-wordpress\/ -->\n<title>Hakk\u0131mda - G\u00f6khan G\u00f6kalp<\/title>\n<meta name=\"robots\" content=\"index, follow, max-snippet:-1, max-image-preview:large, max-video-preview:-1\" \/>\n<link rel=\"canonical\" href=\"https:\/\/gokhan-gokalp.com\/about\/\" \/>\n<meta property=\"og:locale\" content=\"tr_TR\" \/>\n<meta property=\"og:type\" content=\"article\" \/>\n<meta property=\"og:title\" content=\"Hakk\u0131mda - G\u00f6khan G\u00f6kalp\" \/>\n<meta property=\"og:url\" content=\"https:\/\/gokhan-gokalp.com\/about\/\" \/>\n<meta property=\"og:site_name\" content=\"G\u00f6khan G\u00f6kalp\" \/>\n<meta property=\"article:modified_time\" content=\"2025-06-07T11:45:50+00:00\" \/>\n<meta name=\"twitter:card\" content=\"summary_large_image\" \/>\n<meta name=\"twitter:label1\" content=\"Tahmini okuma s\u00fcresi\" \/>\n\t<meta name=\"twitter:data1\" content=\"2 dakika\" \/>\n<script type=\"application\/ld+json\" class=\"yoast-schema-graph\">{\"@context\":\"https:\\\/\\\/schema.org\",\"@graph\":[{\"@type\":\"WebPage\",\"@id\":\"https:\\\/\\\/gokhan-gokalp.com\\\/about\\\/\",\"url\":\"https:\\\/\\\/gokhan-gokalp.com\\\/about\\\/\",\"name\":\"Hakk\u0131mda - G\u00f6khan G\u00f6kalp\",\"isPartOf\":{\"@id\":\"https:\\\/\\\/gokhan-gokalp.com\\\/#website\"},\"datePublished\":\"2014-07-19T07:38:08+00:00\",\"dateModified\":\"2025-06-07T11:45:50+00:00\",\"breadcrumb\":{\"@id\":\"https:\\\/\\\/gokhan-gokalp.com\\\/about\\\/#breadcrumb\"},\"inLanguage\":\"tr\",\"potentialAction\":[{\"@type\":\"ReadAction\",\"target\":[\"https:\\\/\\\/gokhan-gokalp.com\\\/about\\\/\"]}]},{\"@type\":\"BreadcrumbList\",\"@id\":\"https:\\\/\\\/gokhan-gokalp.com\\\/about\\\/#breadcrumb\",\"itemListElement\":[{\"@type\":\"ListItem\",\"position\":1,\"name\":\"Home\",\"item\":\"https:\\\/\\\/gokhan-gokalp.com\\\/\"},{\"@type\":\"ListItem\",\"position\":2,\"name\":\"About Me\"}]},{\"@type\":\"WebSite\",\"@id\":\"https:\\\/\\\/gokhan-gokalp.com\\\/#website\",\"url\":\"https:\\\/\\\/gokhan-gokalp.com\\\/\",\"name\":\"G\u00f6khan G\u00f6kalp\",\"description\":\"C# &amp; Python lover\",\"publisher\":{\"@id\":\"https:\\\/\\\/gokhan-gokalp.com\\\/#\\\/schema\\\/person\\\/7e2a7fa98babd22a5fdae563c4b8cdbe\"},\"potentialAction\":[{\"@type\":\"SearchAction\",\"target\":{\"@type\":\"EntryPoint\",\"urlTemplate\":\"https:\\\/\\\/gokhan-gokalp.com\\\/?s={search_term_string}\"},\"query-input\":{\"@type\":\"PropertyValueSpecification\",\"valueRequired\":true,\"valueName\":\"search_term_string\"}}],\"inLanguage\":\"tr\"},{\"@type\":[\"Person\",\"Organization\"],\"@id\":\"https:\\\/\\\/gokhan-gokalp.com\\\/#\\\/schema\\\/person\\\/7e2a7fa98babd22a5fdae563c4b8cdbe\",\"name\":\"G\u00f6khan G\u00f6kalp\",\"pronouns\":\"he\",\"image\":{\"@type\":\"ImageObject\",\"inLanguage\":\"tr\",\"@id\":\"https:\\\/\\\/gokhan-gokalp.com\\\/wp-content\\\/litespeed\\\/avatar\\\/e645f66b6264ced10d7b6d8b1f85509b.jpg?ver=1776170659\",\"url\":\"https:\\\/\\\/gokhan-gokalp.com\\\/wp-content\\\/litespeed\\\/avatar\\\/e645f66b6264ced10d7b6d8b1f85509b.jpg?ver=1776170659\",\"contentUrl\":\"https:\\\/\\\/gokhan-gokalp.com\\\/wp-content\\\/litespeed\\\/avatar\\\/e645f66b6264ced10d7b6d8b1f85509b.jpg?ver=1776170659\",\"caption\":\"G\u00f6khan G\u00f6kalp\"},\"logo\":{\"@id\":\"https:\\\/\\\/gokhan-gokalp.com\\\/wp-content\\\/litespeed\\\/avatar\\\/e645f66b6264ced10d7b6d8b1f85509b.jpg?ver=1776170659\"},\"sameAs\":[\"https:\\\/\\\/gokhan-gokalp.com\"]}]}<\/script>\n<!-- \/ Yoast SEO plugin. -->","yoast_head_json":{"title":"Hakk\u0131mda - G\u00f6khan G\u00f6kalp","robots":{"index":"index","follow":"follow","max-snippet":"max-snippet:-1","max-image-preview":"max-image-preview:large","max-video-preview":"max-video-preview:-1"},"canonical":"https:\/\/gokhan-gokalp.com\/about\/","og_locale":"tr_TR","og_type":"article","og_title":"Hakk\u0131mda - G\u00f6khan G\u00f6kalp","og_url":"https:\/\/gokhan-gokalp.com\/about\/","og_site_name":"G\u00f6khan G\u00f6kalp","article_modified_time":"2025-06-07T11:45:50+00:00","twitter_card":"summary_large_image","twitter_misc":{"Tahmini okuma s\u00fcresi":"2 dakika"},"schema":{"@context":"https:\/\/schema.org","@graph":[{"@type":"WebPage","@id":"https:\/\/gokhan-gokalp.com\/about\/","url":"https:\/\/gokhan-gokalp.com\/about\/","name":"Hakk\u0131mda - G\u00f6khan G\u00f6kalp","isPartOf":{"@id":"https:\/\/gokhan-gokalp.com\/#website"},"datePublished":"2014-07-19T07:38:08+00:00","dateModified":"2025-06-07T11:45:50+00:00","breadcrumb":{"@id":"https:\/\/gokhan-gokalp.com\/about\/#breadcrumb"},"inLanguage":"tr","potentialAction":[{"@type":"ReadAction","target":["https:\/\/gokhan-gokalp.com\/about\/"]}]},{"@type":"BreadcrumbList","@id":"https:\/\/gokhan-gokalp.com\/about\/#breadcrumb","itemListElement":[{"@type":"ListItem","position":1,"name":"Home","item":"https:\/\/gokhan-gokalp.com\/"},{"@type":"ListItem","position":2,"name":"About Me"}]},{"@type":"WebSite","@id":"https:\/\/gokhan-gokalp.com\/#website","url":"https:\/\/gokhan-gokalp.com\/","name":"G\u00f6khan G\u00f6kalp","description":"C# &amp; Python lover","publisher":{"@id":"https:\/\/gokhan-gokalp.com\/#\/schema\/person\/7e2a7fa98babd22a5fdae563c4b8cdbe"},"potentialAction":[{"@type":"SearchAction","target":{"@type":"EntryPoint","urlTemplate":"https:\/\/gokhan-gokalp.com\/?s={search_term_string}"},"query-input":{"@type":"PropertyValueSpecification","valueRequired":true,"valueName":"search_term_string"}}],"inLanguage":"tr"},{"@type":["Person","Organization"],"@id":"https:\/\/gokhan-gokalp.com\/#\/schema\/person\/7e2a7fa98babd22a5fdae563c4b8cdbe","name":"G\u00f6khan G\u00f6kalp","pronouns":"he","image":{"@type":"ImageObject","inLanguage":"tr","@id":"https:\/\/gokhan-gokalp.com\/wp-content\/litespeed\/avatar\/e645f66b6264ced10d7b6d8b1f85509b.jpg?ver=1776170659","url":"https:\/\/gokhan-gokalp.com\/wp-content\/litespeed\/avatar\/e645f66b6264ced10d7b6d8b1f85509b.jpg?ver=1776170659","contentUrl":"https:\/\/gokhan-gokalp.com\/wp-content\/litespeed\/avatar\/e645f66b6264ced10d7b6d8b1f85509b.jpg?ver=1776170659","caption":"G\u00f6khan G\u00f6kalp"},"logo":{"@id":"https:\/\/gokhan-gokalp.com\/wp-content\/litespeed\/avatar\/e645f66b6264ced10d7b6d8b1f85509b.jpg?ver=1776170659"},"sameAs":["https:\/\/gokhan-gokalp.com"]}]}},"_links":{"self":[{"href":"https:\/\/gokhan-gokalp.com\/tr\/wp-json\/wp\/v2\/pages\/20","targetHints":{"allow":["GET"]}}],"collection":[{"href":"https:\/\/gokhan-gokalp.com\/tr\/wp-json\/wp\/v2\/pages"}],"about":[{"href":"https:\/\/gokhan-gokalp.com\/tr\/wp-json\/wp\/v2\/types\/page"}],"author":[{"embeddable":true,"href":"https:\/\/gokhan-gokalp.com\/tr\/wp-json\/wp\/v2\/users\/1"}],"replies":[{"embeddable":true,"href":"https:\/\/gokhan-gokalp.com\/tr\/wp-json\/wp\/v2\/comments?post=20"}],"version-history":[{"count":10,"href":"https:\/\/gokhan-gokalp.com\/tr\/wp-json\/wp\/v2\/pages\/20\/revisions"}],"predecessor-version":[{"id":4707,"href":"https:\/\/gokhan-gokalp.com\/tr\/wp-json\/wp\/v2\/pages\/20\/revisions\/4707"}],"wp:attachment":[{"href":"https:\/\/gokhan-gokalp.com\/tr\/wp-json\/wp\/v2\/media?parent=20"}],"curies":[{"name":"wp","href":"https:\/\/api.w.org\/{rel}","templated":true}]}}