{"id":2629,"date":"2019-04-11T21:31:46","date_gmt":"2019-04-11T18:31:46","guid":{"rendered":"https:\/\/gokhan-gokalp.com\/?page_id=2629"},"modified":"2025-06-07T13:38:42","modified_gmt":"2025-06-07T11:38:42","slug":"training-consultancy","status":"publish","type":"page","link":"https:\/\/gokhan-gokalp.com\/tr\/training-consultancy\/","title":{"rendered":"E\u011fitim &#038; Dan\u0131\u015fmanl\u0131k"},"content":{"rendered":"<p data-start=\"178\" data-end=\"505\">As a freelance consultant, I help organizations modernize and scale their software systems\u2014especially in the cloud. Through <strong data-start=\"302\" data-end=\"330\">GKG Software Consultancy<\/strong>, I offer hands-on guidance and architectural expertise to companies navigating their cloud journey, whether they&#8217;re just getting started or optimizing what they already have.<\/p>\n<p data-start=\"507\" data-end=\"775\">My focus is on the Microsoft Azure ecosystem and modern .NET technologies, with a strong emphasis on building <strong data-start=\"617\" data-end=\"646\">cloud-native applications<\/strong>, <strong data-start=\"648\" data-end=\"676\">migrating legacy systems<\/strong>, and <strong data-start=\"682\" data-end=\"716\">enhancing developer experience<\/strong> through <strong data-start=\"725\" data-end=\"745\">DevOps practices<\/strong> and <strong data-start=\"750\" data-end=\"774\">platform engineering<\/strong>.<\/p>\n<p data-start=\"777\" data-end=\"804\">What I typically help with:<\/p>\n<ul data-start=\"805\" data-end=\"1138\">\n<li data-start=\"805\" data-end=\"864\">\n<p data-start=\"807\" data-end=\"864\">Designing and implementing <strong data-start=\"834\" data-end=\"864\">cloud-native architectures<\/strong><\/p>\n<\/li>\n<li data-start=\"865\" data-end=\"941\">\n<p data-start=\"867\" data-end=\"941\"><strong data-start=\"867\" data-end=\"895\">Modernizing applications<\/strong> (e.g., microservices, containers, serverless)<\/p>\n<\/li>\n<li data-start=\"942\" data-end=\"992\">\n<p data-start=\"944\" data-end=\"992\">Building secure and scalable <strong data-start=\"973\" data-end=\"992\">CI\/CD pipelines<\/strong><\/p>\n<\/li>\n<li data-start=\"993\" data-end=\"1062\">\n<p data-start=\"995\" data-end=\"1062\">Improving <strong data-start=\"1005\" data-end=\"1020\">performance<\/strong>, <strong data-start=\"1022\" data-end=\"1037\">reliability<\/strong>, and <strong data-start=\"1043\" data-end=\"1062\">cost-efficiency<\/strong><\/p>\n<\/li>\n<li data-start=\"1063\" data-end=\"1138\">\n<p data-start=\"1065\" data-end=\"1138\">Leading <strong data-start=\"1073\" data-end=\"1097\">platform engineering<\/strong> and <strong data-start=\"1102\" data-end=\"1126\">developer experience<\/strong> initiatives<\/p>\n<\/li>\n<\/ul>\n<p data-start=\"1140\" data-end=\"1352\">I\u2019m based in the Netherlands but work with teams across Europe and beyond. If you&#8217;re looking for someone who can bridge strategy and execution and help your teams level up along the way, I\u2019d love to hear from you.<\/p>\n<p data-start=\"1140\" data-end=\"1352\">For more info: <strong>gok.gokalp [@] yahoo.com<\/strong><\/p>\n<p data-start=\"1140\" data-end=\"1352\"><strong>GKG Software Consultancy<\/strong><br \/>\nKvK: 97243167 | BTW-ID: NL005260016B03<br \/>\nBased in Hoofddorp, Netherlands<\/p>\n<p data-start=\"1140\" data-end=\"1352\">\n<p data-start=\"1140\" data-end=\"1352\">\n","protected":false},"excerpt":{"rendered":"<p>As a freelance consultant, I help organizations modernize and scale their software systems\u2014especially in the cloud. Through GKG Software Consultancy, I offer hands-on guidance and architectural expertise to companies navigating their cloud journey, whether they&#8217;re just getting started or optimizing what they already have. My&#8230;<\/p>\n<div class=\"more-link-wrapper\"><a class=\"more-link\" href=\"https:\/\/gokhan-gokalp.com\/tr\/training-consultancy\/\">Devam\u0131n\u0131 okuyun<span class=\"screen-reader-text\">E\u011fitim &#038; Dan\u0131\u015fmanl\u0131k<\/span><\/a><\/div>\n","protected":false},"author":1,"featured_media":0,"parent":0,"menu_order":0,"comment_status":"closed","ping_status":"closed","template":"","meta":{"footnotes":""},"class_list":["post-2629","page","type-page","status-publish","hentry","entry"],"translation":{"provider":"WPGlobus","version":"3.0.2","language":"tr","enabled_languages":["en","tr"],"languages":{"en":{"title":true,"content":true,"excerpt":false},"tr":{"title":true,"content":true,"excerpt":false}}},"yoast_head":"<!-- This site is optimized with the Yoast SEO plugin v27.3 - https:\/\/yoast.com\/product\/yoast-seo-wordpress\/ -->\n<title>E\u011fitim &amp; Dan\u0131\u015fmanl\u0131k - G\u00f6khan G\u00f6kalp<\/title>\n<meta name=\"robots\" content=\"index, follow, max-snippet:-1, max-image-preview:large, max-video-preview:-1\" \/>\n<link rel=\"canonical\" href=\"https:\/\/gokhan-gokalp.com\/training-consultancy\/\" \/>\n<meta property=\"og:locale\" content=\"tr_TR\" \/>\n<meta property=\"og:type\" content=\"article\" \/>\n<meta property=\"og:title\" content=\"E\u011fitim &amp; Dan\u0131\u015fmanl\u0131k - G\u00f6khan G\u00f6kalp\" \/>\n<meta property=\"og:url\" content=\"https:\/\/gokhan-gokalp.com\/training-consultancy\/\" \/>\n<meta property=\"og:site_name\" content=\"G\u00f6khan G\u00f6kalp\" \/>\n<meta property=\"article:modified_time\" content=\"2025-06-07T11:38:42+00:00\" \/>\n<meta name=\"twitter:card\" content=\"summary_large_image\" \/>\n<meta name=\"twitter:label1\" content=\"Tahmini okuma s\u00fcresi\" \/>\n\t<meta name=\"twitter:data1\" content=\"2 dakika\" \/>\n<script type=\"application\/ld+json\" class=\"yoast-schema-graph\">{\"@context\":\"https:\\\/\\\/schema.org\",\"@graph\":[{\"@type\":\"WebPage\",\"@id\":\"https:\\\/\\\/gokhan-gokalp.com\\\/training-consultancy\\\/\",\"url\":\"https:\\\/\\\/gokhan-gokalp.com\\\/training-consultancy\\\/\",\"name\":\"E\u011fitim & Dan\u0131\u015fmanl\u0131k - G\u00f6khan G\u00f6kalp\",\"isPartOf\":{\"@id\":\"https:\\\/\\\/gokhan-gokalp.com\\\/#website\"},\"datePublished\":\"2019-04-11T18:31:46+00:00\",\"dateModified\":\"2025-06-07T11:38:42+00:00\",\"breadcrumb\":{\"@id\":\"https:\\\/\\\/gokhan-gokalp.com\\\/training-consultancy\\\/#breadcrumb\"},\"inLanguage\":\"tr\",\"potentialAction\":[{\"@type\":\"ReadAction\",\"target\":[\"https:\\\/\\\/gokhan-gokalp.com\\\/training-consultancy\\\/\"]}]},{\"@type\":\"BreadcrumbList\",\"@id\":\"https:\\\/\\\/gokhan-gokalp.com\\\/training-consultancy\\\/#breadcrumb\",\"itemListElement\":[{\"@type\":\"ListItem\",\"position\":1,\"name\":\"Home\",\"item\":\"https:\\\/\\\/gokhan-gokalp.com\\\/\"},{\"@type\":\"ListItem\",\"position\":2,\"name\":\"Training &amp; Consultancy\"}]},{\"@type\":\"WebSite\",\"@id\":\"https:\\\/\\\/gokhan-gokalp.com\\\/#website\",\"url\":\"https:\\\/\\\/gokhan-gokalp.com\\\/\",\"name\":\"G\u00f6khan G\u00f6kalp\",\"description\":\"C# &amp; Python lover\",\"publisher\":{\"@id\":\"https:\\\/\\\/gokhan-gokalp.com\\\/#\\\/schema\\\/person\\\/7e2a7fa98babd22a5fdae563c4b8cdbe\"},\"potentialAction\":[{\"@type\":\"SearchAction\",\"target\":{\"@type\":\"EntryPoint\",\"urlTemplate\":\"https:\\\/\\\/gokhan-gokalp.com\\\/?s={search_term_string}\"},\"query-input\":{\"@type\":\"PropertyValueSpecification\",\"valueRequired\":true,\"valueName\":\"search_term_string\"}}],\"inLanguage\":\"tr\"},{\"@type\":[\"Person\",\"Organization\"],\"@id\":\"https:\\\/\\\/gokhan-gokalp.com\\\/#\\\/schema\\\/person\\\/7e2a7fa98babd22a5fdae563c4b8cdbe\",\"name\":\"G\u00f6khan G\u00f6kalp\",\"pronouns\":\"he\",\"image\":{\"@type\":\"ImageObject\",\"inLanguage\":\"tr\",\"@id\":\"https:\\\/\\\/gokhan-gokalp.com\\\/wp-content\\\/litespeed\\\/avatar\\\/e645f66b6264ced10d7b6d8b1f85509b.jpg?ver=1776170659\",\"url\":\"https:\\\/\\\/gokhan-gokalp.com\\\/wp-content\\\/litespeed\\\/avatar\\\/e645f66b6264ced10d7b6d8b1f85509b.jpg?ver=1776170659\",\"contentUrl\":\"https:\\\/\\\/gokhan-gokalp.com\\\/wp-content\\\/litespeed\\\/avatar\\\/e645f66b6264ced10d7b6d8b1f85509b.jpg?ver=1776170659\",\"caption\":\"G\u00f6khan G\u00f6kalp\"},\"logo\":{\"@id\":\"https:\\\/\\\/gokhan-gokalp.com\\\/wp-content\\\/litespeed\\\/avatar\\\/e645f66b6264ced10d7b6d8b1f85509b.jpg?ver=1776170659\"},\"sameAs\":[\"https:\\\/\\\/gokhan-gokalp.com\"]}]}<\/script>\n<!-- \/ Yoast SEO plugin. -->","yoast_head_json":{"title":"E\u011fitim & Dan\u0131\u015fmanl\u0131k - G\u00f6khan G\u00f6kalp","robots":{"index":"index","follow":"follow","max-snippet":"max-snippet:-1","max-image-preview":"max-image-preview:large","max-video-preview":"max-video-preview:-1"},"canonical":"https:\/\/gokhan-gokalp.com\/training-consultancy\/","og_locale":"tr_TR","og_type":"article","og_title":"E\u011fitim & Dan\u0131\u015fmanl\u0131k - G\u00f6khan G\u00f6kalp","og_url":"https:\/\/gokhan-gokalp.com\/training-consultancy\/","og_site_name":"G\u00f6khan G\u00f6kalp","article_modified_time":"2025-06-07T11:38:42+00:00","twitter_card":"summary_large_image","twitter_misc":{"Tahmini okuma s\u00fcresi":"2 dakika"},"schema":{"@context":"https:\/\/schema.org","@graph":[{"@type":"WebPage","@id":"https:\/\/gokhan-gokalp.com\/training-consultancy\/","url":"https:\/\/gokhan-gokalp.com\/training-consultancy\/","name":"E\u011fitim & Dan\u0131\u015fmanl\u0131k - G\u00f6khan G\u00f6kalp","isPartOf":{"@id":"https:\/\/gokhan-gokalp.com\/#website"},"datePublished":"2019-04-11T18:31:46+00:00","dateModified":"2025-06-07T11:38:42+00:00","breadcrumb":{"@id":"https:\/\/gokhan-gokalp.com\/training-consultancy\/#breadcrumb"},"inLanguage":"tr","potentialAction":[{"@type":"ReadAction","target":["https:\/\/gokhan-gokalp.com\/training-consultancy\/"]}]},{"@type":"BreadcrumbList","@id":"https:\/\/gokhan-gokalp.com\/training-consultancy\/#breadcrumb","itemListElement":[{"@type":"ListItem","position":1,"name":"Home","item":"https:\/\/gokhan-gokalp.com\/"},{"@type":"ListItem","position":2,"name":"Training &amp; Consultancy"}]},{"@type":"WebSite","@id":"https:\/\/gokhan-gokalp.com\/#website","url":"https:\/\/gokhan-gokalp.com\/","name":"G\u00f6khan G\u00f6kalp","description":"C# &amp; Python lover","publisher":{"@id":"https:\/\/gokhan-gokalp.com\/#\/schema\/person\/7e2a7fa98babd22a5fdae563c4b8cdbe"},"potentialAction":[{"@type":"SearchAction","target":{"@type":"EntryPoint","urlTemplate":"https:\/\/gokhan-gokalp.com\/?s={search_term_string}"},"query-input":{"@type":"PropertyValueSpecification","valueRequired":true,"valueName":"search_term_string"}}],"inLanguage":"tr"},{"@type":["Person","Organization"],"@id":"https:\/\/gokhan-gokalp.com\/#\/schema\/person\/7e2a7fa98babd22a5fdae563c4b8cdbe","name":"G\u00f6khan G\u00f6kalp","pronouns":"he","image":{"@type":"ImageObject","inLanguage":"tr","@id":"https:\/\/gokhan-gokalp.com\/wp-content\/litespeed\/avatar\/e645f66b6264ced10d7b6d8b1f85509b.jpg?ver=1776170659","url":"https:\/\/gokhan-gokalp.com\/wp-content\/litespeed\/avatar\/e645f66b6264ced10d7b6d8b1f85509b.jpg?ver=1776170659","contentUrl":"https:\/\/gokhan-gokalp.com\/wp-content\/litespeed\/avatar\/e645f66b6264ced10d7b6d8b1f85509b.jpg?ver=1776170659","caption":"G\u00f6khan G\u00f6kalp"},"logo":{"@id":"https:\/\/gokhan-gokalp.com\/wp-content\/litespeed\/avatar\/e645f66b6264ced10d7b6d8b1f85509b.jpg?ver=1776170659"},"sameAs":["https:\/\/gokhan-gokalp.com"]}]}},"_links":{"self":[{"href":"https:\/\/gokhan-gokalp.com\/tr\/wp-json\/wp\/v2\/pages\/2629","targetHints":{"allow":["GET"]}}],"collection":[{"href":"https:\/\/gokhan-gokalp.com\/tr\/wp-json\/wp\/v2\/pages"}],"about":[{"href":"https:\/\/gokhan-gokalp.com\/tr\/wp-json\/wp\/v2\/types\/page"}],"author":[{"embeddable":true,"href":"https:\/\/gokhan-gokalp.com\/tr\/wp-json\/wp\/v2\/users\/1"}],"replies":[{"embeddable":true,"href":"https:\/\/gokhan-gokalp.com\/tr\/wp-json\/wp\/v2\/comments?post=2629"}],"version-history":[{"count":5,"href":"https:\/\/gokhan-gokalp.com\/tr\/wp-json\/wp\/v2\/pages\/2629\/revisions"}],"predecessor-version":[{"id":4701,"href":"https:\/\/gokhan-gokalp.com\/tr\/wp-json\/wp\/v2\/pages\/2629\/revisions\/4701"}],"wp:attachment":[{"href":"https:\/\/gokhan-gokalp.com\/tr\/wp-json\/wp\/v2\/media?parent=2629"}],"curies":[{"name":"wp","href":"https:\/\/api.w.org\/{rel}","templated":true}]}}