{"id":269,"date":"2015-06-13T13:24:32","date_gmt":"2015-06-13T10:24:32","guid":{"rendered":"https:\/\/gokhan-gokalp.com\/?page_id=269"},"modified":"2025-06-07T13:39:44","modified_gmt":"2025-06-07T11:39:44","slug":"projects","status":"publish","type":"page","link":"https:\/\/gokhan-gokalp.com\/tr\/projects\/","title":{"rendered":"A\u00e7\u0131k Kaynak Kodlu Projelerim"},"content":{"rendered":"<p><strong>GitHub Repository Link<\/strong>:\u00a0<a href=\"https:\/\/github.com\/GokGokalp\" target=\"_blank\" rel=\"noopener noreferrer\">https:\/\/github.com\/GokGokalp<\/a><\/p>\n","protected":false},"excerpt":{"rendered":"<p>GitHub Repository Link:\u00a0https:\/\/github.com\/GokGokalp<\/p>\n","protected":false},"author":1,"featured_media":0,"parent":0,"menu_order":2,"comment_status":"closed","ping_status":"closed","template":"","meta":{"footnotes":""},"class_list":["post-269","page","type-page","status-publish","hentry","entry"],"translation":{"provider":"WPGlobus","version":"3.0.2","language":"tr","enabled_languages":["en","tr"],"languages":{"en":{"title":true,"content":true,"excerpt":false},"tr":{"title":true,"content":true,"excerpt":false}}},"yoast_head":"<!-- This site is optimized with the Yoast SEO plugin v27.3 - https:\/\/yoast.com\/product\/yoast-seo-wordpress\/ -->\n<title>A\u00e7\u0131k Kaynak Kodlu Projelerim - G\u00f6khan G\u00f6kalp<\/title>\n<meta name=\"robots\" content=\"index, follow, max-snippet:-1, max-image-preview:large, max-video-preview:-1\" \/>\n<link rel=\"canonical\" href=\"https:\/\/gokhan-gokalp.com\/projects\/\" \/>\n<meta property=\"og:locale\" content=\"tr_TR\" \/>\n<meta property=\"og:type\" content=\"article\" \/>\n<meta property=\"og:title\" content=\"A\u00e7\u0131k Kaynak Kodlu Projelerim - G\u00f6khan G\u00f6kalp\" \/>\n<meta property=\"og:url\" content=\"https:\/\/gokhan-gokalp.com\/projects\/\" \/>\n<meta property=\"og:site_name\" content=\"G\u00f6khan G\u00f6kalp\" \/>\n<meta property=\"article:modified_time\" content=\"2025-06-07T11:39:44+00:00\" \/>\n<meta name=\"twitter:card\" content=\"summary_large_image\" \/>\n<script type=\"application\/ld+json\" class=\"yoast-schema-graph\">{\"@context\":\"https:\\\/\\\/schema.org\",\"@graph\":[{\"@type\":\"WebPage\",\"@id\":\"https:\\\/\\\/gokhan-gokalp.com\\\/projects\\\/\",\"url\":\"https:\\\/\\\/gokhan-gokalp.com\\\/projects\\\/\",\"name\":\"A\u00e7\u0131k Kaynak Kodlu Projelerim - G\u00f6khan G\u00f6kalp\",\"isPartOf\":{\"@id\":\"https:\\\/\\\/gokhan-gokalp.com\\\/#website\"},\"datePublished\":\"2015-06-13T10:24:32+00:00\",\"dateModified\":\"2025-06-07T11:39:44+00:00\",\"breadcrumb\":{\"@id\":\"https:\\\/\\\/gokhan-gokalp.com\\\/projects\\\/#breadcrumb\"},\"inLanguage\":\"tr\",\"potentialAction\":[{\"@type\":\"ReadAction\",\"target\":[\"https:\\\/\\\/gokhan-gokalp.com\\\/projects\\\/\"]}]},{\"@type\":\"BreadcrumbList\",\"@id\":\"https:\\\/\\\/gokhan-gokalp.com\\\/projects\\\/#breadcrumb\",\"itemListElement\":[{\"@type\":\"ListItem\",\"position\":1,\"name\":\"Home\",\"item\":\"https:\\\/\\\/gokhan-gokalp.com\\\/\"},{\"@type\":\"ListItem\",\"position\":2,\"name\":\"Open Source Projects\"}]},{\"@type\":\"WebSite\",\"@id\":\"https:\\\/\\\/gokhan-gokalp.com\\\/#website\",\"url\":\"https:\\\/\\\/gokhan-gokalp.com\\\/\",\"name\":\"G\u00f6khan G\u00f6kalp\",\"description\":\"C# &amp; Python lover\",\"publisher\":{\"@id\":\"https:\\\/\\\/gokhan-gokalp.com\\\/#\\\/schema\\\/person\\\/7e2a7fa98babd22a5fdae563c4b8cdbe\"},\"potentialAction\":[{\"@type\":\"SearchAction\",\"target\":{\"@type\":\"EntryPoint\",\"urlTemplate\":\"https:\\\/\\\/gokhan-gokalp.com\\\/?s={search_term_string}\"},\"query-input\":{\"@type\":\"PropertyValueSpecification\",\"valueRequired\":true,\"valueName\":\"search_term_string\"}}],\"inLanguage\":\"tr\"},{\"@type\":[\"Person\",\"Organization\"],\"@id\":\"https:\\\/\\\/gokhan-gokalp.com\\\/#\\\/schema\\\/person\\\/7e2a7fa98babd22a5fdae563c4b8cdbe\",\"name\":\"G\u00f6khan G\u00f6kalp\",\"pronouns\":\"he\",\"image\":{\"@type\":\"ImageObject\",\"inLanguage\":\"tr\",\"@id\":\"https:\\\/\\\/gokhan-gokalp.com\\\/wp-content\\\/litespeed\\\/avatar\\\/e645f66b6264ced10d7b6d8b1f85509b.jpg?ver=1776170659\",\"url\":\"https:\\\/\\\/gokhan-gokalp.com\\\/wp-content\\\/litespeed\\\/avatar\\\/e645f66b6264ced10d7b6d8b1f85509b.jpg?ver=1776170659\",\"contentUrl\":\"https:\\\/\\\/gokhan-gokalp.com\\\/wp-content\\\/litespeed\\\/avatar\\\/e645f66b6264ced10d7b6d8b1f85509b.jpg?ver=1776170659\",\"caption\":\"G\u00f6khan G\u00f6kalp\"},\"logo\":{\"@id\":\"https:\\\/\\\/gokhan-gokalp.com\\\/wp-content\\\/litespeed\\\/avatar\\\/e645f66b6264ced10d7b6d8b1f85509b.jpg?ver=1776170659\"},\"sameAs\":[\"https:\\\/\\\/gokhan-gokalp.com\"]}]}<\/script>\n<!-- \/ Yoast SEO plugin. -->","yoast_head_json":{"title":"A\u00e7\u0131k Kaynak Kodlu Projelerim - G\u00f6khan G\u00f6kalp","robots":{"index":"index","follow":"follow","max-snippet":"max-snippet:-1","max-image-preview":"max-image-preview:large","max-video-preview":"max-video-preview:-1"},"canonical":"https:\/\/gokhan-gokalp.com\/projects\/","og_locale":"tr_TR","og_type":"article","og_title":"A\u00e7\u0131k Kaynak Kodlu Projelerim - G\u00f6khan G\u00f6kalp","og_url":"https:\/\/gokhan-gokalp.com\/projects\/","og_site_name":"G\u00f6khan G\u00f6kalp","article_modified_time":"2025-06-07T11:39:44+00:00","twitter_card":"summary_large_image","schema":{"@context":"https:\/\/schema.org","@graph":[{"@type":"WebPage","@id":"https:\/\/gokhan-gokalp.com\/projects\/","url":"https:\/\/gokhan-gokalp.com\/projects\/","name":"A\u00e7\u0131k Kaynak Kodlu Projelerim - G\u00f6khan G\u00f6kalp","isPartOf":{"@id":"https:\/\/gokhan-gokalp.com\/#website"},"datePublished":"2015-06-13T10:24:32+00:00","dateModified":"2025-06-07T11:39:44+00:00","breadcrumb":{"@id":"https:\/\/gokhan-gokalp.com\/projects\/#breadcrumb"},"inLanguage":"tr","potentialAction":[{"@type":"ReadAction","target":["https:\/\/gokhan-gokalp.com\/projects\/"]}]},{"@type":"BreadcrumbList","@id":"https:\/\/gokhan-gokalp.com\/projects\/#breadcrumb","itemListElement":[{"@type":"ListItem","position":1,"name":"Home","item":"https:\/\/gokhan-gokalp.com\/"},{"@type":"ListItem","position":2,"name":"Open Source Projects"}]},{"@type":"WebSite","@id":"https:\/\/gokhan-gokalp.com\/#website","url":"https:\/\/gokhan-gokalp.com\/","name":"G\u00f6khan G\u00f6kalp","description":"C# &amp; Python lover","publisher":{"@id":"https:\/\/gokhan-gokalp.com\/#\/schema\/person\/7e2a7fa98babd22a5fdae563c4b8cdbe"},"potentialAction":[{"@type":"SearchAction","target":{"@type":"EntryPoint","urlTemplate":"https:\/\/gokhan-gokalp.com\/?s={search_term_string}"},"query-input":{"@type":"PropertyValueSpecification","valueRequired":true,"valueName":"search_term_string"}}],"inLanguage":"tr"},{"@type":["Person","Organization"],"@id":"https:\/\/gokhan-gokalp.com\/#\/schema\/person\/7e2a7fa98babd22a5fdae563c4b8cdbe","name":"G\u00f6khan G\u00f6kalp","pronouns":"he","image":{"@type":"ImageObject","inLanguage":"tr","@id":"https:\/\/gokhan-gokalp.com\/wp-content\/litespeed\/avatar\/e645f66b6264ced10d7b6d8b1f85509b.jpg?ver=1776170659","url":"https:\/\/gokhan-gokalp.com\/wp-content\/litespeed\/avatar\/e645f66b6264ced10d7b6d8b1f85509b.jpg?ver=1776170659","contentUrl":"https:\/\/gokhan-gokalp.com\/wp-content\/litespeed\/avatar\/e645f66b6264ced10d7b6d8b1f85509b.jpg?ver=1776170659","caption":"G\u00f6khan G\u00f6kalp"},"logo":{"@id":"https:\/\/gokhan-gokalp.com\/wp-content\/litespeed\/avatar\/e645f66b6264ced10d7b6d8b1f85509b.jpg?ver=1776170659"},"sameAs":["https:\/\/gokhan-gokalp.com"]}]}},"_links":{"self":[{"href":"https:\/\/gokhan-gokalp.com\/tr\/wp-json\/wp\/v2\/pages\/269","targetHints":{"allow":["GET"]}}],"collection":[{"href":"https:\/\/gokhan-gokalp.com\/tr\/wp-json\/wp\/v2\/pages"}],"about":[{"href":"https:\/\/gokhan-gokalp.com\/tr\/wp-json\/wp\/v2\/types\/page"}],"author":[{"embeddable":true,"href":"https:\/\/gokhan-gokalp.com\/tr\/wp-json\/wp\/v2\/users\/1"}],"replies":[{"embeddable":true,"href":"https:\/\/gokhan-gokalp.com\/tr\/wp-json\/wp\/v2\/comments?post=269"}],"version-history":[{"count":20,"href":"https:\/\/gokhan-gokalp.com\/tr\/wp-json\/wp\/v2\/pages\/269\/revisions"}],"predecessor-version":[{"id":4704,"href":"https:\/\/gokhan-gokalp.com\/tr\/wp-json\/wp\/v2\/pages\/269\/revisions\/4704"}],"wp:attachment":[{"href":"https:\/\/gokhan-gokalp.com\/tr\/wp-json\/wp\/v2\/media?parent=269"}],"curies":[{"name":"wp","href":"https:\/\/api.w.org\/{rel}","templated":true}]}}