{"id":48,"date":"2014-07-19T15:15:41","date_gmt":"2014-07-19T12:15:41","guid":{"rendered":"https:\/\/gokhan-gokalp.com\/?page_id=48"},"modified":"2025-06-07T13:39:52","modified_gmt":"2025-06-07T11:39:52","slug":"contact","status":"publish","type":"page","link":"https:\/\/gokhan-gokalp.com\/tr\/contact\/","title":{"rendered":"\u0130leti\u015fim"},"content":{"rendered":"<div class=\"wpforms-container wpforms-container-full\" id=\"wpforms-2928\"><form id=\"wpforms-form-2928\" class=\"wpforms-validate wpforms-form\" data-formid=\"2928\" method=\"post\" enctype=\"multipart\/form-data\" action=\"\/tr\/wp-json\/wp\/v2\/pages\/48\" data-token=\"8680e4dd0e6c7da424c2f5c4a0475740\" data-token-time=\"1776288888\"><noscript class=\"wpforms-error-noscript\">Bu formu bitirebilmek i\u00e7in taray\u0131c\u0131n\u0131zda JavaScript&#039;i etkinle\u015ftirin.<\/noscript><div class=\"wpforms-field-container\"><div id=\"wpforms-2928-field_0-container\" class=\"wpforms-field wpforms-field-name\" data-field-id=\"0\"><label class=\"wpforms-field-label\">Name <span class=\"wpforms-required-label\">*<\/span><\/label><div class=\"wpforms-field-row wpforms-field-medium\"><div class=\"wpforms-field-row-block wpforms-first wpforms-one-half\"><input type=\"text\" id=\"wpforms-2928-field_0\" class=\"wpforms-field-name-first wpforms-field-required\" name=\"wpforms[fields][0][first]\" required><label for=\"wpforms-2928-field_0\" class=\"wpforms-field-sublabel after\">Ad<\/label><\/div><div class=\"wpforms-field-row-block wpforms-one-half\"><input type=\"text\" id=\"wpforms-2928-field_0-last\" class=\"wpforms-field-name-last wpforms-field-required\" name=\"wpforms[fields][0][last]\" required><label for=\"wpforms-2928-field_0-last\" class=\"wpforms-field-sublabel after\">Soyad<\/label><\/div><\/div><\/div><div id=\"wpforms-2928-field_1-container\" class=\"wpforms-field wpforms-field-email\" data-field-id=\"1\"><label class=\"wpforms-field-label\" for=\"wpforms-2928-field_1\">Email <span class=\"wpforms-required-label\">*<\/span><\/label><input type=\"email\" id=\"wpforms-2928-field_1\" class=\"wpforms-field-medium wpforms-field-required\" name=\"wpforms[fields][1]\" spellcheck=\"false\" required><\/div><div id=\"wpforms-2928-field_2-container\" class=\"wpforms-field wpforms-field-textarea\" data-field-id=\"2\"><label class=\"wpforms-field-label\" for=\"wpforms-2928-field_2\">Comment or Message <span class=\"wpforms-required-label\">*<\/span><\/label><textarea id=\"wpforms-2928-field_2\" class=\"wpforms-field-medium wpforms-field-required\" name=\"wpforms[fields][2]\" required><\/textarea><\/div><\/div><!-- .wpforms-field-container --><div class=\"wpforms-field wpforms-field-hp\"><label for=\"wpforms-2928-field-hp\" class=\"wpforms-field-label\">Phone<\/label><input type=\"text\" name=\"wpforms[hp]\" id=\"wpforms-2928-field-hp\" class=\"wpforms-field-medium\"><\/div><div class=\"wpforms-submit-container\" ><input type=\"hidden\" name=\"wpforms[id]\" value=\"2928\"><input type=\"hidden\" name=\"page_title\" value=\"\"><input type=\"hidden\" name=\"page_url\" value=\"https:\/\/gokhan-gokalp.com\/tr\/wp-json\/wp\/v2\/pages\/48\"><input type=\"hidden\" name=\"url_referer\" value=\"\"><button type=\"submit\" name=\"wpforms[submit]\" id=\"wpforms-submit-2928\" class=\"wpforms-submit\" data-alt-text=\"Sending...\" data-submit-text=\"Submit\" aria-live=\"assertive\" value=\"wpforms-submit\">Submit<\/button><\/div><\/form><\/div>  <!-- .wpforms-container -->\n","protected":false},"excerpt":{"rendered":"","protected":false},"author":1,"featured_media":0,"parent":0,"menu_order":3,"comment_status":"closed","ping_status":"closed","template":"","meta":{"footnotes":""},"class_list":["post-48","page","type-page","status-publish","hentry","entry"],"translation":{"provider":"WPGlobus","version":"3.0.2","language":"tr","enabled_languages":["en","tr"],"languages":{"en":{"title":true,"content":true,"excerpt":false},"tr":{"title":true,"content":true,"excerpt":false}}},"yoast_head":"<!-- This site is optimized with the Yoast SEO plugin v27.3 - https:\/\/yoast.com\/product\/yoast-seo-wordpress\/ -->\n<title>\u0130leti\u015fim - G\u00f6khan G\u00f6kalp<\/title>\n<meta name=\"robots\" content=\"index, follow, max-snippet:-1, max-image-preview:large, max-video-preview:-1\" \/>\n<link rel=\"canonical\" href=\"https:\/\/gokhan-gokalp.com\/contact\/\" \/>\n<meta property=\"og:locale\" content=\"tr_TR\" \/>\n<meta property=\"og:type\" content=\"article\" \/>\n<meta property=\"og:title\" content=\"\u0130leti\u015fim - G\u00f6khan G\u00f6kalp\" \/>\n<meta property=\"og:url\" content=\"https:\/\/gokhan-gokalp.com\/contact\/\" \/>\n<meta property=\"og:site_name\" content=\"G\u00f6khan G\u00f6kalp\" \/>\n<meta property=\"article:modified_time\" content=\"2025-06-07T11:39:52+00:00\" \/>\n<meta name=\"twitter:card\" content=\"summary_large_image\" \/>\n<script type=\"application\/ld+json\" class=\"yoast-schema-graph\">{\"@context\":\"https:\\\/\\\/schema.org\",\"@graph\":[{\"@type\":\"WebPage\",\"@id\":\"https:\\\/\\\/gokhan-gokalp.com\\\/contact\\\/\",\"url\":\"https:\\\/\\\/gokhan-gokalp.com\\\/contact\\\/\",\"name\":\"\u0130leti\u015fim - G\u00f6khan G\u00f6kalp\",\"isPartOf\":{\"@id\":\"https:\\\/\\\/gokhan-gokalp.com\\\/#website\"},\"datePublished\":\"2014-07-19T12:15:41+00:00\",\"dateModified\":\"2025-06-07T11:39:52+00:00\",\"breadcrumb\":{\"@id\":\"https:\\\/\\\/gokhan-gokalp.com\\\/contact\\\/#breadcrumb\"},\"inLanguage\":\"tr\",\"potentialAction\":[{\"@type\":\"ReadAction\",\"target\":[\"https:\\\/\\\/gokhan-gokalp.com\\\/contact\\\/\"]}]},{\"@type\":\"BreadcrumbList\",\"@id\":\"https:\\\/\\\/gokhan-gokalp.com\\\/contact\\\/#breadcrumb\",\"itemListElement\":[{\"@type\":\"ListItem\",\"position\":1,\"name\":\"Home\",\"item\":\"https:\\\/\\\/gokhan-gokalp.com\\\/\"},{\"@type\":\"ListItem\",\"position\":2,\"name\":\"Contact\"}]},{\"@type\":\"WebSite\",\"@id\":\"https:\\\/\\\/gokhan-gokalp.com\\\/#website\",\"url\":\"https:\\\/\\\/gokhan-gokalp.com\\\/\",\"name\":\"G\u00f6khan G\u00f6kalp\",\"description\":\"C# &amp; Python lover\",\"publisher\":{\"@id\":\"https:\\\/\\\/gokhan-gokalp.com\\\/#\\\/schema\\\/person\\\/7e2a7fa98babd22a5fdae563c4b8cdbe\"},\"potentialAction\":[{\"@type\":\"SearchAction\",\"target\":{\"@type\":\"EntryPoint\",\"urlTemplate\":\"https:\\\/\\\/gokhan-gokalp.com\\\/?s={search_term_string}\"},\"query-input\":{\"@type\":\"PropertyValueSpecification\",\"valueRequired\":true,\"valueName\":\"search_term_string\"}}],\"inLanguage\":\"tr\"},{\"@type\":[\"Person\",\"Organization\"],\"@id\":\"https:\\\/\\\/gokhan-gokalp.com\\\/#\\\/schema\\\/person\\\/7e2a7fa98babd22a5fdae563c4b8cdbe\",\"name\":\"G\u00f6khan G\u00f6kalp\",\"pronouns\":\"he\",\"image\":{\"@type\":\"ImageObject\",\"inLanguage\":\"tr\",\"@id\":\"https:\\\/\\\/gokhan-gokalp.com\\\/wp-content\\\/litespeed\\\/avatar\\\/e645f66b6264ced10d7b6d8b1f85509b.jpg?ver=1776170659\",\"url\":\"https:\\\/\\\/gokhan-gokalp.com\\\/wp-content\\\/litespeed\\\/avatar\\\/e645f66b6264ced10d7b6d8b1f85509b.jpg?ver=1776170659\",\"contentUrl\":\"https:\\\/\\\/gokhan-gokalp.com\\\/wp-content\\\/litespeed\\\/avatar\\\/e645f66b6264ced10d7b6d8b1f85509b.jpg?ver=1776170659\",\"caption\":\"G\u00f6khan G\u00f6kalp\"},\"logo\":{\"@id\":\"https:\\\/\\\/gokhan-gokalp.com\\\/wp-content\\\/litespeed\\\/avatar\\\/e645f66b6264ced10d7b6d8b1f85509b.jpg?ver=1776170659\"},\"sameAs\":[\"https:\\\/\\\/gokhan-gokalp.com\"]}]}<\/script>\n<!-- \/ Yoast SEO plugin. -->","yoast_head_json":{"title":"\u0130leti\u015fim - G\u00f6khan G\u00f6kalp","robots":{"index":"index","follow":"follow","max-snippet":"max-snippet:-1","max-image-preview":"max-image-preview:large","max-video-preview":"max-video-preview:-1"},"canonical":"https:\/\/gokhan-gokalp.com\/contact\/","og_locale":"tr_TR","og_type":"article","og_title":"\u0130leti\u015fim - G\u00f6khan G\u00f6kalp","og_url":"https:\/\/gokhan-gokalp.com\/contact\/","og_site_name":"G\u00f6khan G\u00f6kalp","article_modified_time":"2025-06-07T11:39:52+00:00","twitter_card":"summary_large_image","schema":{"@context":"https:\/\/schema.org","@graph":[{"@type":"WebPage","@id":"https:\/\/gokhan-gokalp.com\/contact\/","url":"https:\/\/gokhan-gokalp.com\/contact\/","name":"\u0130leti\u015fim - G\u00f6khan G\u00f6kalp","isPartOf":{"@id":"https:\/\/gokhan-gokalp.com\/#website"},"datePublished":"2014-07-19T12:15:41+00:00","dateModified":"2025-06-07T11:39:52+00:00","breadcrumb":{"@id":"https:\/\/gokhan-gokalp.com\/contact\/#breadcrumb"},"inLanguage":"tr","potentialAction":[{"@type":"ReadAction","target":["https:\/\/gokhan-gokalp.com\/contact\/"]}]},{"@type":"BreadcrumbList","@id":"https:\/\/gokhan-gokalp.com\/contact\/#breadcrumb","itemListElement":[{"@type":"ListItem","position":1,"name":"Home","item":"https:\/\/gokhan-gokalp.com\/"},{"@type":"ListItem","position":2,"name":"Contact"}]},{"@type":"WebSite","@id":"https:\/\/gokhan-gokalp.com\/#website","url":"https:\/\/gokhan-gokalp.com\/","name":"G\u00f6khan G\u00f6kalp","description":"C# &amp; Python lover","publisher":{"@id":"https:\/\/gokhan-gokalp.com\/#\/schema\/person\/7e2a7fa98babd22a5fdae563c4b8cdbe"},"potentialAction":[{"@type":"SearchAction","target":{"@type":"EntryPoint","urlTemplate":"https:\/\/gokhan-gokalp.com\/?s={search_term_string}"},"query-input":{"@type":"PropertyValueSpecification","valueRequired":true,"valueName":"search_term_string"}}],"inLanguage":"tr"},{"@type":["Person","Organization"],"@id":"https:\/\/gokhan-gokalp.com\/#\/schema\/person\/7e2a7fa98babd22a5fdae563c4b8cdbe","name":"G\u00f6khan G\u00f6kalp","pronouns":"he","image":{"@type":"ImageObject","inLanguage":"tr","@id":"https:\/\/gokhan-gokalp.com\/wp-content\/litespeed\/avatar\/e645f66b6264ced10d7b6d8b1f85509b.jpg?ver=1776170659","url":"https:\/\/gokhan-gokalp.com\/wp-content\/litespeed\/avatar\/e645f66b6264ced10d7b6d8b1f85509b.jpg?ver=1776170659","contentUrl":"https:\/\/gokhan-gokalp.com\/wp-content\/litespeed\/avatar\/e645f66b6264ced10d7b6d8b1f85509b.jpg?ver=1776170659","caption":"G\u00f6khan G\u00f6kalp"},"logo":{"@id":"https:\/\/gokhan-gokalp.com\/wp-content\/litespeed\/avatar\/e645f66b6264ced10d7b6d8b1f85509b.jpg?ver=1776170659"},"sameAs":["https:\/\/gokhan-gokalp.com"]}]}},"_links":{"self":[{"href":"https:\/\/gokhan-gokalp.com\/tr\/wp-json\/wp\/v2\/pages\/48","targetHints":{"allow":["GET"]}}],"collection":[{"href":"https:\/\/gokhan-gokalp.com\/tr\/wp-json\/wp\/v2\/pages"}],"about":[{"href":"https:\/\/gokhan-gokalp.com\/tr\/wp-json\/wp\/v2\/types\/page"}],"author":[{"embeddable":true,"href":"https:\/\/gokhan-gokalp.com\/tr\/wp-json\/wp\/v2\/users\/1"}],"replies":[{"embeddable":true,"href":"https:\/\/gokhan-gokalp.com\/tr\/wp-json\/wp\/v2\/comments?post=48"}],"version-history":[{"count":6,"href":"https:\/\/gokhan-gokalp.com\/tr\/wp-json\/wp\/v2\/pages\/48\/revisions"}],"predecessor-version":[{"id":4705,"href":"https:\/\/gokhan-gokalp.com\/tr\/wp-json\/wp\/v2\/pages\/48\/revisions\/4705"}],"wp:attachment":[{"href":"https:\/\/gokhan-gokalp.com\/tr\/wp-json\/wp\/v2\/media?parent=48"}],"curies":[{"name":"wp","href":"https:\/\/api.w.org\/{rel}","templated":true}]}}