{"id":743,"date":"2016-08-26T22:54:03","date_gmt":"2016-08-26T19:54:03","guid":{"rendered":"https:\/\/gokhan-gokalp.com\/?page_id=743"},"modified":"2025-06-07T13:39:36","modified_gmt":"2025-06-07T11:39:36","slug":"publications","status":"publish","type":"page","link":"https:\/\/gokhan-gokalp.com\/tr\/publications\/","title":{"rendered":"Yay\u0131nlar &#038; Sunumlar"},"content":{"rendered":"<p><strong><a href=\"https:\/\/gokhan-gokalp.com\/asp-net-web-api-ve-mimari-ozellikleri-kitabi\/\" target=\"_blank\" rel=\"noopener noreferrer\">Asp.Net Web API ve Mimari \u00d6zellikleri Kitab\u0131<\/a><br \/>\n<\/strong>Asp.Net Web API \u00fczerine yazm\u0131\u015f oldu\u011fum makale konular\u0131 do\u011frultusunda, siz de\u011ferli okuyuculardan gelen feedback&#8217;ler ile yazm\u0131\u015f oldu\u011fum Asp.Net Web API ve Mimari \u00d6zellikleri kitab\u0131.<\/p>\n<h1>2019<\/h1>\n<h2><\/h2>\n<ul>\n<li><a href=\"https:\/\/gokhan-gokalp.com\/net-conf-2019-turkey\/\" target=\"_blank\" rel=\"noopener noreferrer\"><strong>.NET Conf 2019 \u2013 Turkey &#8211; ASP.NET Core Clean Architecture &#8211; 28-09-2019<\/strong><\/a><br \/>\nMicrosoft .NET Conf 2019 Turkey &#8211; http:\/\/conf.xamarinturkiye.com<\/li>\n<li><strong><a href=\"https:\/\/gokhan-gokalp.com\/2019-devnot-developer-summit-impediments-in-microservices-transformation-journey\/\" target=\"_blank\" rel=\"noopener noreferrer\">2019 Devnot Developer Summit \u2013 Bir Mikroservis D\u00f6n\u00fc\u015f\u00fcm Hikayesi ve Kar\u015f\u0131la\u015ft\u0131\u011f\u0131m\u0131z Engeller &#8211; 13-04-2019<\/a><br \/>\n<\/strong><span style=\"font-size: 1em;\">Devnot Developer Summit 2019 &#8211; http:\/\/summit.devnot.com\/<\/span><\/li>\n<\/ul>\n<h1>2018<\/h1>\n<h2><\/h2>\n<ul>\n<li><strong><a href=\"https:\/\/gokhan-gokalp.com\/dotnet-reconnect-etkinligi-debugging-and-profiling-net-core-applications-on-linux\/\" target=\"_blank\" rel=\"noopener noreferrer\">dotnet reconnect() Etkinli\u011fi \u2013 Debugging and Profiling .NET Core Applications on Linux<\/a><\/strong><br \/>\ndotnet reconnect() developer conference 2018 &#8211; www.dotnetkonf.com<\/li>\n<li><strong><a href=\"https:\/\/gokhan-gokalp.com\/microsoft-open-source-summit-11-12-2018\/\" target=\"_blank\" rel=\"noopener noreferrer\">Microsoft A\u00e7\u0131k Kaynak Zirvesi \u2013 11.12.2018<\/a><\/strong><br \/>\nMicrosoft Open Source Summit &#8211; 11.12.2018 Istanbul &#8211; msft.it\/6013rhIqN<\/li>\n<li><strong><a href=\"https:\/\/gokhan-gokalp.com\/dotnetkonf-etkinligi-debugging-and-profiling-net-core-applications-on-linux\/\" target=\"_blank\" rel=\"noopener noreferrer\">dotnetKonf Etkinli\u011fi \u2013 Debugging and Profiling .NET Core Applications on Linux<\/a><\/strong><br \/>\ndotnetKonf developer conference 2018 &#8211; www.dotnetkonf.com<\/li>\n<li><strong><a href=\"https:\/\/gokhan-gokalp.com\/meetup-building-highly-scalable-distrubuted-applications-with-actor-model\/\" target=\"_blank\" rel=\"noopener noreferrer\">Building Highly Scalable Distributed Applications with Actor Model<\/a><\/strong><strong><br \/>\n<\/strong><span style=\"font-size: 1em;\">Devnot Yaz\u0131l\u0131mc\u0131 Bulu\u015fmalar\u0131nda ger\u00e7ekle\u015ftirdi\u011fim\u00a0Actor Model ile Highly Scalable Distributed Uygulamalar Tasarlamak sunumu.<\/span><\/li>\n<\/ul>\n<h1>2017<\/h1>\n<ul>\n<li><strong><a href=\"https:\/\/gokhan-gokalp.com\/en\/net-core-day-semineri\/\" target=\"_blank\" rel=\"noopener noreferrer\">.NET Core Day Seminar &#8211; Logging Caching and Localization in ASP.NET Core<\/a><br \/>\n<\/strong>.NET Core Day etkinli\u011finde ger\u00e7ekle\u015ftirdi\u011fim\u00a0Logging, Caching ve Localization Yap\u0131lar\u0131 sunumu.<\/li>\n<li><strong><a href=\"https:\/\/gokhan-gokalp.com\/overview-of-net-core\/\" target=\"_blank\" rel=\"noopener noreferrer\">Overview of .NET Core<\/a><br \/>\n<\/strong>Trendyol Tech Talk&#8217;da ger\u00e7ekle\u015ftirdi\u011fim .NET Core sunumu.<\/li>\n<li><strong><a href=\"https:\/\/gokhan-gokalp.com\/introduction-to-orleans-virtual-actor-model\/\" target=\"_blank\" rel=\"noopener noreferrer\">Introduction to Orleans Virtual Actor Model<\/a><br \/>\n<\/strong>Trendyol Tech Talk&#8217;da ger\u00e7ekle\u015ftirdi\u011fim Orleans Virtual Actor Model sunumu.<\/li>\n<li><strong><a href=\"https:\/\/gokhan-gokalp.com\/en\/devnot-atolyede-rabbitmq-and-message-queuing-sunumu\/\" target=\"_blank\" rel=\"noopener noreferrer\">RabbitMQ and Message Queuing at Devnot At\u00f6lye<\/a><\/strong><strong><br \/>\n<\/strong>Devnot At\u00f6lye&#8217;de ger\u00e7ekle\u015ftirdi\u011fim RabbitMQ ve Message Queuing sunumu.<\/li>\n<li><strong><a href=\"https:\/\/gokhan-gokalp.com\/overview-of-rabbitmq\/\" target=\"_blank\" rel=\"noopener noreferrer\">Overview of RabbitMQ<\/a><\/strong><strong><br \/>\n<\/strong>Trendyol Tech Talk&#8217;da ger\u00e7ekle\u015ftirdi\u011fim RabbitMQ&#8217;ya genel bak\u0131\u015f sunumu.<\/li>\n<\/ul>\n","protected":false},"excerpt":{"rendered":"<p>Asp.Net Web API ve Mimari \u00d6zellikleri Kitab\u0131 Asp.Net Web API \u00fczerine yazm\u0131\u015f oldu\u011fum makale konular\u0131 do\u011frultusunda, siz de\u011ferli okuyuculardan gelen feedback&#8217;ler ile yazm\u0131\u015f oldu\u011fum Asp.Net Web API ve Mimari \u00d6zellikleri kitab\u0131. 2019 .NET Conf 2019 \u2013 Turkey &#8211; ASP.NET Core Clean Architecture &#8211; 28-09-2019 Microsoft&#8230;<\/p>\n<div class=\"more-link-wrapper\"><a class=\"more-link\" href=\"https:\/\/gokhan-gokalp.com\/tr\/publications\/\">Devam\u0131n\u0131 okuyun<span class=\"screen-reader-text\">Yay\u0131nlar &#038; Sunumlar<\/span><\/a><\/div>\n","protected":false},"author":1,"featured_media":0,"parent":0,"menu_order":1,"comment_status":"closed","ping_status":"closed","template":"","meta":{"footnotes":""},"class_list":["post-743","page","type-page","status-publish","hentry","entry"],"translation":{"provider":"WPGlobus","version":"3.0.2","language":"tr","enabled_languages":["en","tr"],"languages":{"en":{"title":true,"content":true,"excerpt":false},"tr":{"title":true,"content":true,"excerpt":false}}},"yoast_head":"<!-- This site is optimized with the Yoast SEO plugin v27.3 - https:\/\/yoast.com\/product\/yoast-seo-wordpress\/ -->\n<title>Yay\u0131nlar &amp; Sunumlar - G\u00f6khan G\u00f6kalp<\/title>\n<meta name=\"robots\" content=\"index, follow, max-snippet:-1, max-image-preview:large, max-video-preview:-1\" \/>\n<link rel=\"canonical\" href=\"https:\/\/gokhan-gokalp.com\/publications\/\" \/>\n<meta property=\"og:locale\" content=\"tr_TR\" \/>\n<meta property=\"og:type\" content=\"article\" \/>\n<meta property=\"og:title\" content=\"Yay\u0131nlar &amp; Sunumlar - G\u00f6khan G\u00f6kalp\" \/>\n<meta property=\"og:url\" content=\"https:\/\/gokhan-gokalp.com\/publications\/\" \/>\n<meta property=\"og:site_name\" content=\"G\u00f6khan G\u00f6kalp\" \/>\n<meta property=\"article:modified_time\" content=\"2025-06-07T11:39:36+00:00\" \/>\n<meta name=\"twitter:card\" content=\"summary_large_image\" \/>\n<meta name=\"twitter:label1\" content=\"Tahmini okuma s\u00fcresi\" \/>\n\t<meta name=\"twitter:data1\" content=\"3 dakika\" \/>\n<script type=\"application\/ld+json\" class=\"yoast-schema-graph\">{\"@context\":\"https:\\\/\\\/schema.org\",\"@graph\":[{\"@type\":\"WebPage\",\"@id\":\"https:\\\/\\\/gokhan-gokalp.com\\\/publications\\\/\",\"url\":\"https:\\\/\\\/gokhan-gokalp.com\\\/publications\\\/\",\"name\":\"Yay\u0131nlar & Sunumlar - G\u00f6khan G\u00f6kalp\",\"isPartOf\":{\"@id\":\"https:\\\/\\\/gokhan-gokalp.com\\\/#website\"},\"datePublished\":\"2016-08-26T19:54:03+00:00\",\"dateModified\":\"2025-06-07T11:39:36+00:00\",\"breadcrumb\":{\"@id\":\"https:\\\/\\\/gokhan-gokalp.com\\\/publications\\\/#breadcrumb\"},\"inLanguage\":\"tr\",\"potentialAction\":[{\"@type\":\"ReadAction\",\"target\":[\"https:\\\/\\\/gokhan-gokalp.com\\\/publications\\\/\"]}]},{\"@type\":\"BreadcrumbList\",\"@id\":\"https:\\\/\\\/gokhan-gokalp.com\\\/publications\\\/#breadcrumb\",\"itemListElement\":[{\"@type\":\"ListItem\",\"position\":1,\"name\":\"Home\",\"item\":\"https:\\\/\\\/gokhan-gokalp.com\\\/\"},{\"@type\":\"ListItem\",\"position\":2,\"name\":\"Publications &#038; Presentations\"}]},{\"@type\":\"WebSite\",\"@id\":\"https:\\\/\\\/gokhan-gokalp.com\\\/#website\",\"url\":\"https:\\\/\\\/gokhan-gokalp.com\\\/\",\"name\":\"G\u00f6khan G\u00f6kalp\",\"description\":\"C# &amp; Python lover\",\"publisher\":{\"@id\":\"https:\\\/\\\/gokhan-gokalp.com\\\/#\\\/schema\\\/person\\\/7e2a7fa98babd22a5fdae563c4b8cdbe\"},\"potentialAction\":[{\"@type\":\"SearchAction\",\"target\":{\"@type\":\"EntryPoint\",\"urlTemplate\":\"https:\\\/\\\/gokhan-gokalp.com\\\/?s={search_term_string}\"},\"query-input\":{\"@type\":\"PropertyValueSpecification\",\"valueRequired\":true,\"valueName\":\"search_term_string\"}}],\"inLanguage\":\"tr\"},{\"@type\":[\"Person\",\"Organization\"],\"@id\":\"https:\\\/\\\/gokhan-gokalp.com\\\/#\\\/schema\\\/person\\\/7e2a7fa98babd22a5fdae563c4b8cdbe\",\"name\":\"G\u00f6khan G\u00f6kalp\",\"pronouns\":\"he\",\"image\":{\"@type\":\"ImageObject\",\"inLanguage\":\"tr\",\"@id\":\"https:\\\/\\\/gokhan-gokalp.com\\\/wp-content\\\/litespeed\\\/avatar\\\/e645f66b6264ced10d7b6d8b1f85509b.jpg?ver=1776170659\",\"url\":\"https:\\\/\\\/gokhan-gokalp.com\\\/wp-content\\\/litespeed\\\/avatar\\\/e645f66b6264ced10d7b6d8b1f85509b.jpg?ver=1776170659\",\"contentUrl\":\"https:\\\/\\\/gokhan-gokalp.com\\\/wp-content\\\/litespeed\\\/avatar\\\/e645f66b6264ced10d7b6d8b1f85509b.jpg?ver=1776170659\",\"caption\":\"G\u00f6khan G\u00f6kalp\"},\"logo\":{\"@id\":\"https:\\\/\\\/gokhan-gokalp.com\\\/wp-content\\\/litespeed\\\/avatar\\\/e645f66b6264ced10d7b6d8b1f85509b.jpg?ver=1776170659\"},\"sameAs\":[\"https:\\\/\\\/gokhan-gokalp.com\"]}]}<\/script>\n<!-- \/ Yoast SEO plugin. -->","yoast_head_json":{"title":"Yay\u0131nlar & Sunumlar - G\u00f6khan G\u00f6kalp","robots":{"index":"index","follow":"follow","max-snippet":"max-snippet:-1","max-image-preview":"max-image-preview:large","max-video-preview":"max-video-preview:-1"},"canonical":"https:\/\/gokhan-gokalp.com\/publications\/","og_locale":"tr_TR","og_type":"article","og_title":"Yay\u0131nlar & Sunumlar - G\u00f6khan G\u00f6kalp","og_url":"https:\/\/gokhan-gokalp.com\/publications\/","og_site_name":"G\u00f6khan G\u00f6kalp","article_modified_time":"2025-06-07T11:39:36+00:00","twitter_card":"summary_large_image","twitter_misc":{"Tahmini okuma s\u00fcresi":"3 dakika"},"schema":{"@context":"https:\/\/schema.org","@graph":[{"@type":"WebPage","@id":"https:\/\/gokhan-gokalp.com\/publications\/","url":"https:\/\/gokhan-gokalp.com\/publications\/","name":"Yay\u0131nlar & Sunumlar - G\u00f6khan G\u00f6kalp","isPartOf":{"@id":"https:\/\/gokhan-gokalp.com\/#website"},"datePublished":"2016-08-26T19:54:03+00:00","dateModified":"2025-06-07T11:39:36+00:00","breadcrumb":{"@id":"https:\/\/gokhan-gokalp.com\/publications\/#breadcrumb"},"inLanguage":"tr","potentialAction":[{"@type":"ReadAction","target":["https:\/\/gokhan-gokalp.com\/publications\/"]}]},{"@type":"BreadcrumbList","@id":"https:\/\/gokhan-gokalp.com\/publications\/#breadcrumb","itemListElement":[{"@type":"ListItem","position":1,"name":"Home","item":"https:\/\/gokhan-gokalp.com\/"},{"@type":"ListItem","position":2,"name":"Publications &#038; Presentations"}]},{"@type":"WebSite","@id":"https:\/\/gokhan-gokalp.com\/#website","url":"https:\/\/gokhan-gokalp.com\/","name":"G\u00f6khan G\u00f6kalp","description":"C# &amp; Python lover","publisher":{"@id":"https:\/\/gokhan-gokalp.com\/#\/schema\/person\/7e2a7fa98babd22a5fdae563c4b8cdbe"},"potentialAction":[{"@type":"SearchAction","target":{"@type":"EntryPoint","urlTemplate":"https:\/\/gokhan-gokalp.com\/?s={search_term_string}"},"query-input":{"@type":"PropertyValueSpecification","valueRequired":true,"valueName":"search_term_string"}}],"inLanguage":"tr"},{"@type":["Person","Organization"],"@id":"https:\/\/gokhan-gokalp.com\/#\/schema\/person\/7e2a7fa98babd22a5fdae563c4b8cdbe","name":"G\u00f6khan G\u00f6kalp","pronouns":"he","image":{"@type":"ImageObject","inLanguage":"tr","@id":"https:\/\/gokhan-gokalp.com\/wp-content\/litespeed\/avatar\/e645f66b6264ced10d7b6d8b1f85509b.jpg?ver=1776170659","url":"https:\/\/gokhan-gokalp.com\/wp-content\/litespeed\/avatar\/e645f66b6264ced10d7b6d8b1f85509b.jpg?ver=1776170659","contentUrl":"https:\/\/gokhan-gokalp.com\/wp-content\/litespeed\/avatar\/e645f66b6264ced10d7b6d8b1f85509b.jpg?ver=1776170659","caption":"G\u00f6khan G\u00f6kalp"},"logo":{"@id":"https:\/\/gokhan-gokalp.com\/wp-content\/litespeed\/avatar\/e645f66b6264ced10d7b6d8b1f85509b.jpg?ver=1776170659"},"sameAs":["https:\/\/gokhan-gokalp.com"]}]}},"_links":{"self":[{"href":"https:\/\/gokhan-gokalp.com\/tr\/wp-json\/wp\/v2\/pages\/743","targetHints":{"allow":["GET"]}}],"collection":[{"href":"https:\/\/gokhan-gokalp.com\/tr\/wp-json\/wp\/v2\/pages"}],"about":[{"href":"https:\/\/gokhan-gokalp.com\/tr\/wp-json\/wp\/v2\/types\/page"}],"author":[{"embeddable":true,"href":"https:\/\/gokhan-gokalp.com\/tr\/wp-json\/wp\/v2\/users\/1"}],"replies":[{"embeddable":true,"href":"https:\/\/gokhan-gokalp.com\/tr\/wp-json\/wp\/v2\/comments?post=743"}],"version-history":[{"count":17,"href":"https:\/\/gokhan-gokalp.com\/tr\/wp-json\/wp\/v2\/pages\/743\/revisions"}],"predecessor-version":[{"id":4703,"href":"https:\/\/gokhan-gokalp.com\/tr\/wp-json\/wp\/v2\/pages\/743\/revisions\/4703"}],"wp:attachment":[{"href":"https:\/\/gokhan-gokalp.com\/tr\/wp-json\/wp\/v2\/media?parent=743"}],"curies":[{"name":"wp","href":"https:\/\/api.w.org\/{rel}","templated":true}]}}